{"id":82,"date":"2020-05-15T09:06:45","date_gmt":"2020-05-15T08:06:45","guid":{"rendered":"http:\/\/design.leonardhess.de\/?page_id=82"},"modified":"2024-05-27T20:49:27","modified_gmt":"2024-05-27T20:49:27","slug":"sie-brauchen-eine-website","status":"publish","type":"page","link":"https:\/\/hess.plus\/","title":{"rendered":"Sie brauchen eine Website?"},"content":{"rendered":"\n<p>Dann sind sie hier genau richtig.<\/p>\n\n\n\n<p>Seit 2016 helfe ich Selbstst\u00e4ndigen und kleinen Unternehmen zu neuen Websiten, besseren Social-Media-Auftritten und berate bei der Anschaffung und Implementierung gr\u00f6\u00dferer Systeme.<\/p>\n\n\n\n<p>Von der Beratung bei der Hostingsvertragswahl \u00fcber die Ersteinrichtung einer einfach zu bedienenden WordPress-Seite bis hin zu gro\u00dfen Spezialauftr\u00e4gen, die ma\u00dfgeschneiderte L\u00f6sungen fordern stehe ich mit Rat und Tat zur Seite.<\/p>\n\n\n\n<p>Bisherige Kunden sind und waren:<\/p>\n\n\n\n<div class=\"wp-block-columns has-very-light-gray-background-color has-background is-layout-flex wp-container-core-columns-is-layout-1 wp-block-columns-is-layout-flex\">\n<div class=\"wp-block-column is-layout-flow wp-block-column-is-layout-flow\">\n<h3 class=\"wp-block-heading has-text-align-left\"><a rel=\"noreferrer noopener\" href=\"http:\/\/www.effektiv-am-pc.de\/\" target=\"_blank\">effektiv am PC<\/a><\/h3>\n\n\n\n<ul>\n<li>Neuentwicklung und Verbesserung der Website<\/li>\n\n\n\n<li>General\u00fcberholung des Social-Media-Auftritts<\/li>\n\n\n\n<li>Strategie f\u00fcr digitales Wachstum<\/li>\n<\/ul>\n\n\n\n<h3 class=\"wp-block-heading has-text-align-left\">Doris Metzger &#8211; Ged\u00e4chtnistraining<\/h3>\n\n\n\n<ul>\n<li>Portierung einer bestehenden statischen Website auf WordPress zur einfacheren Bearbeitung<\/li>\n<\/ul>\n\n\n\n<h3 class=\"wp-block-heading has-text-align-left\"><a href=\"https:\/\/curio-consulting.de\/\" target=\"_blank\" rel=\"noreferrer noopener\">Curio Consulting<\/a><\/h3>\n\n\n\n<ul>\n<li>Anpassungen einer bestehenden Website<\/li>\n<\/ul>\n\n\n\n<h3 class=\"wp-block-heading\"><a href=\"http:\/\/ani.hess.plus\/\" target=\"_blank\" rel=\"noreferrer noopener\">Anitenku Fotografie<\/a><\/h3>\n\n\n\n<p>Schlichtes digitales Portfolio f\u00fcr Fotografie<\/p>\n\n\n\n<h3 class=\"wp-block-heading\">Uhrenklinik Karlsruhe<\/h3>\n\n\n\n<ul>\n<li>Neugestaltung der Website<\/li>\n\n\n\n<li>Pflege und Instandhaltung eines Legacy-Systems zur Unternehmensverwaltung<\/li>\n\n\n\n<li>Beratung f\u00fcr Einsatz von ERP-Software<\/li>\n<\/ul>\n\n\n\n<h3 class=\"wp-block-heading\">Thomas Maier, B\u00fcrgermeisterkandidat<\/h3>\n\n\n\n<ul>\n<li>Online-Auftritt<\/li>\n\n\n\n<li>Social-Media-Gestaltung<\/li>\n<\/ul>\n<\/div>\n\n\n\n<div class=\"wp-block-column is-layout-flow wp-block-column-is-layout-flow\">\n<h3 class=\"wp-block-heading has-text-align-left\">Conrad Rudat<\/h3>\n\n\n\n<ul>\n<li>Beratung<\/li>\n\n\n\n<li>Anpassungen einer bestehenden Website<\/li>\n<\/ul>\n\n\n\n<h3 class=\"wp-block-heading has-text-align-left\">Diverse Ortsverb\u00e4nde der CDU Bodenseekreis<\/h3>\n\n\n\n<ul>\n<li>Pr\u00e4sentation politischer Arbeit online<\/li>\n\n\n\n<li>Erstellung und Pflege einer eigenen Webiste<\/li>\n\n\n\n<li>Einarbeitung von Verantwortlichen<\/li>\n\n\n\n<li>Neugestaltung der Website des Kreisverbandes<\/li>\n<\/ul>\n\n\n\n<h3 class=\"wp-block-heading has-text-align-left\"><a href=\"https:\/\/www.ju-bw.de\/homepages\/wueho\/\" target=\"_blank\" rel=\"noreferrer noopener\">JU W\u00fcrttemberg-Hohenzollern<\/a><\/h3>\n\n\n\n<ul>\n<li>Corporate Identity eines Verbandes in Online-Auftritten<\/li>\n\n\n\n<li>Beratung bei digitaler Zusammenarbeit und Beratung<\/li>\n\n\n\n<li>Entwicklung und Bereitstellung einer Antragsberatungsplattform f\u00fcr den Einsatz w\u00e4hrend Corona-Pandemie<\/li>\n<\/ul>\n\n\n\n<h3 class=\"wp-block-heading\">Volker Mayer-Lay, MdB<\/h3>\n\n\n\n<ul>\n<li>Bereiterstellung einer Backup-Infrastruktur f\u00fcr digitale Auftritte<\/li>\n\n\n\n<li>Unterst\u00fctzung der Kampagne im Bereich Social Media<\/li>\n\n\n\n<li>Beratung im Bereich Branding<\/li>\n\n\n\n<li>Aktivierung von Ersatzressourcen nach angriffbedingtem Ausfall, Wiederherstellung von digitalem Angebot<\/li>\n<\/ul>\n<\/div>\n<\/div>\n\n\n\n<p>Momentan sind noch zwei weitere Projekte in Arbeit, die Sie bald auch hier finden werden.<\/p>\n\n\n\n<p>Und wissen Sie, was das Beste ist? Es ist nicht einmal teuer.<\/p>\n\n\n\n<h2 class=\"wp-block-heading has-text-align-center\">Mein Angebot<\/h2>\n\n\n\n<div class=\"wp-block-columns has-very-light-gray-background-color has-background is-layout-flex wp-container-core-columns-is-layout-2 wp-block-columns-is-layout-flex\">\n<div class=\"wp-block-column is-layout-flow wp-block-column-is-layout-flow\">\n<h4 class=\"wp-block-heading has-text-align-center\">einfache WordPress-Website<\/h4>\n\n\n\n<h3 class=\"wp-block-heading has-text-align-center\">299\u20ac<\/h3>\n\n\n\n<p>Beratung bei der Wahl des passenden Hostingvertrags<\/p>\n\n\n\n<p>Auswahl des optimalen WordPress-Themes f\u00fcr Ihren Zweck.<\/p>\n\n\n\n<p>Designanpassungen<\/p>\n\n\n\n<p>Beratung bei der Bildwahl<\/p>\n\n\n\n<p>Inklusive Ersteinrichtung der Website.<\/p>\n<\/div>\n\n\n\n<div class=\"wp-block-column is-layout-flow wp-block-column-is-layout-flow\">\n<h4 class=\"wp-block-heading has-text-align-center\">WordPress-Website mit Shop<\/h4>\n\n\n\n<h3 class=\"wp-block-heading has-text-align-center\">499\u20ac<\/h3>\n\n\n\n<p>Alle Leistungen aus &#8222;einfache WordPress-Website&#8220;<\/p>\n\n\n\n<p>Einrichtung eines WooCommerce-Webshops.<\/p>\n<\/div>\n\n\n\n<div class=\"wp-block-column is-layout-flow wp-block-column-is-layout-flow\">\n<h4 class=\"wp-block-heading has-text-align-center\">Der &#8222;Ma\u00dfanzug&#8220;<\/h4>\n\n\n\n<h3 class=\"wp-block-heading has-text-align-center\">999\u20ac<\/h3>\n\n\n\n<p>Sie wissen genau, was sie wollen, und nicht anders? Eine einzigartige Website die Sie oder ihre Firma genau wiedergibt?<\/p>\n\n\n\n<p>Ich berate Sie gerne, um dann mit Ihnen ihre Vorstellungen in die Tat umzusetzen, jedes Detail wird individuell gefertigt, von Schriftgr\u00f6\u00dfe \u00fcber Bilder und Layout bis Schriftart.<\/p>\n<\/div>\n<\/div>\n\n\n\n<h2 class=\"wp-block-heading\">Weitere Leistungen, die ich Ihnen biete<\/h2>\n\n\n\n<h3 class=\"wp-block-heading\">Digitale Visitenkarte<\/h3>\n\n\n\n<p>Eine einseitige Website, die ihr Logo, bei Bedarf \u00d6ffnungszeiten und Adresse enth\u00e4lt. Ideal um mit einem Ladengesch\u00e4ft g\u00fcnstig, aber sichtbar im Internet vertreten zu sein, f\u00fcr nur 99\u20ac.<\/p>\n\n\n\n<h3 class=\"wp-block-heading\">Freie Programmierarbeit<\/h3>\n\n\n\n<p>Sie haben einen Wunsch, der \u00fcber das oben Genannte hinaus geht?<\/p>\n\n\n\n<p>Kein Problem, sagen Sie mir, was sie wollen, Sie kriegen einen Kostenvoranschlag. Programmierarbeit wird pauschal mit 35\u20ac pro Stunde berechnet.<\/p>\n\n\n\n<h3 class=\"wp-block-heading\">Digitalisierungsberatung<\/h3>\n\n\n\n<p>Sie wollen ihr Gesch\u00e4ft ins digitale Zeitalter bringen, sind sich aber nicht Sicher, wie?<\/p>\n\n\n\n<p>Sie wollen Ihre Produkte auch online verkaufen und suchen den geeigneten Weg daf\u00fcr?<\/p>\n\n\n\n<p>Sie wollen \u00fcber Positionierung bei Google Maps und moderner Kundenbindung auch den Besucherverkehr in ihrem Ladengesch\u00e4ft erh\u00f6hen?<\/p>\n\n\n\n<p>Dann sind Sie bei mir genau richtig.<\/p>\n\n\n\n<p>Ich zeige Ihnen Wege auf, mit ihrem Gesch\u00e4ft auch im digitalen Zeitalter erfolgreich zu sein und beantworte ihnen jede Frage, die Sie haben. Und sollten wir an dem Punkt ankommen, an dem sich herausstellt, dass Sie eine L\u00f6sung brauchen, die ich nicht bieten kann, so helfe ich Ihnen so gut ich kann, diese woanders zu finden.<\/p>\n\n\n\n<p>Eine Stunde Beratung wird mit 50\u20ac berechnet.<\/p>\n\n\n\n<h3 class=\"wp-block-heading\">Strategiepapier<\/h3>\n\n\n\n<p>Sie wollen eine umfassende Analyse, die sich dem Ist-Zustand ihres Unternehmens und ihres Marktes annimmt, die wahrscheinliche zuk\u00fcnftige Entwicklung analysiert und daraus Strategien erarbeitet, mit der Sie erfolgreich und wettbewerbsf\u00e4hig bleiben?<br>Wenden sie sich gerne an mich f\u00fcr eine Erstberatung.<\/p>\n\n\n\n<p>Dieses berechne ich mit 25\u20ac, was dann bei Auftrag jedoch mit dem Preis f\u00fcr das Papier, 500\u20ac, verrechnet wird. Kommt es nicht zu einem Auftrag, so erhalten Sie einen Gutschein in H\u00f6he von 25\u20ac verrechenbar mit jeder anderen hier gelisteten Leistung.<\/p>\n\n\n\n<div class=\"wp-block-uagb-call-to-action uagb-cta__outer-wrap uagb-block-7466bd95\"><div class=\"uagb-cta__content-wrap uagb-cta__block uagb-cta__icon-position-right uagb-cta__content-right uagb-cta__content-stacked-tablet uagb-cta__button-valign-middle \"><div class=\"uagb-cta__left-right-wrap\"><div class=\"uagb-cta__content\"><div class=\"uagb-cta__title-wrap\"><h3 class=\"uagb-cta__title\">Sie haben Interesse an Einer der genannten Leistungen?<\/h3><\/div><div class=\"uagb-cta-text-wrap\"><p class=\"uagb-cta__desc\">Melden Sie sich jetzt, kostenlos und unverbindlich, und wir finden genau die richtige L\u00f6sung f\u00fcr ihr Problem!<\/p><\/div><\/div><div class=\"uagb-cta__link-wrapper uagb-cta__block-link-style\"><div class=\"uagb-cta__button-wrapper\"><a href=\"mailto:leonard@hess.plus\" class=\"uagb-cta__button-link-wrapper uagb-cta__block-link uagb-cta-typeof-button\" target=\"_blank\" rel=\"noopener noreferrer\"><span class=\"uagb-cta__link-content-inner\"><span>Kontakt<\/span><\/span><\/a><\/div><\/div><\/div><\/div><\/div>\n\n\n\n<div class=\"wp-block-uagb-content-timeline uagb-timeline__outer-wrap uagb-block-b4154f78-ffe8-4ea3-98a5-ef574dc1d2b1\"><div class=\"uagb-timeline__content-wrap uagb-timeline__center-block  uagb-timeline__arrow-center uagb-timeline__responsive-tablet uagb-timeline\"><div class=\"uagb-timeline-wrapper\"><div class=\"uagb-timeline__main\"><div class=\"uagb-timeline__days\">\n<article class=\"wp-block-uagb-content-timeline-child uagb-timeline__field uagb-timeline__field-wrap uagb-timeline-child-740de6f1-b104-47b2-8eee-7f329f0bb52d\"><div class=\"uagb-timeline__widget uagb-timeline__right\"><div class=\"uagb-timeline__marker out-view-uagb-timeline__icon\"><span class=\"uagb-timeline__icon-new out-view-uagb-timeline__icon \"><svg xmlns=\"http:\/\/www.w3.org\/2000\/svg\" viewBox=\"0 0 448 512\"><path d=\"M0 464c0 26.5 21.5 48 48 48h352c26.5 0 48-21.5 48-48V192H0v272zm320-196c0-6.6 5.4-12 12-12h40c6.6 0 12 5.4 12 12v40c0 6.6-5.4 12-12 12h-40c-6.6 0-12-5.4-12-12v-40zm0 128c0-6.6 5.4-12 12-12h40c6.6 0 12 5.4 12 12v40c0 6.6-5.4 12-12 12h-40c-6.6 0-12-5.4-12-12v-40zM192 268c0-6.6 5.4-12 12-12h40c6.6 0 12 5.4 12 12v40c0 6.6-5.4 12-12 12h-40c-6.6 0-12-5.4-12-12v-40zm0 128c0-6.6 5.4-12 12-12h40c6.6 0 12 5.4 12 12v40c0 6.6-5.4 12-12 12h-40c-6.6 0-12-5.4-12-12v-40zM64 268c0-6.6 5.4-12 12-12h40c6.6 0 12 5.4 12 12v40c0 6.6-5.4 12-12 12H76c-6.6 0-12-5.4-12-12v-40zm0 128c0-6.6 5.4-12 12-12h40c6.6 0 12 5.4 12 12v40c0 6.6-5.4 12-12 12H76c-6.6 0-12-5.4-12-12v-40zM400 64h-48V16c0-8.8-7.2-16-16-16h-32c-8.8 0-16 7.2-16 16v48H160V16c0-8.8-7.2-16-16-16h-32c-8.8 0-16 7.2-16 16v48H48C21.5 64 0 85.5 0 112v48h448v-48c0-26.5-21.5-48-48-48z\"><\/path><\/svg><\/span><\/div><div class=\"uagb-timeline__day-new uagb-timeline__day-right\"><div class=\"uagb-events-new\"><div class=\"uagb-timeline__events-inner-new\"><div class=\"uagb-timeline__date-hide uagb-timeline__date-inner\"><\/div><div class=\"uagb-timeline-content\"><div class=\"uagb-timeline__heading-text\"><h4 class=\"uagb-timeline__heading\">Kontaktaufnahme<\/h4><\/div><p class=\"uagb-timeline-desc-content\">In einem ersten Gespr\u00e4ch er\u00f6rtern wir ihren Bedarf und Sie erhalten eine transparente Kostenaufstellung<\/p><div class=\"uagb-timeline__arrow\"><\/div><\/div><\/div><\/div><\/div><div class=\"uagb-timeline__date-new\"><\/div><\/div><\/article>\n\n\n\n<article class=\"wp-block-uagb-content-timeline-child uagb-timeline__field uagb-timeline__field-wrap uagb-timeline-child-3c9ce152-2fa4-490c-8296-c9416310dc20\"><div class=\"uagb-timeline__widget uagb-timeline__left\"><div class=\"uagb-timeline__marker out-view-uagb-timeline__icon\"><span class=\"uagb-timeline__icon-new out-view-uagb-timeline__icon \"><svg xmlns=\"http:\/\/www.w3.org\/2000\/svg\" viewBox=\"0 0 448 512\"><path d=\"M0 464c0 26.5 21.5 48 48 48h352c26.5 0 48-21.5 48-48V192H0v272zm320-196c0-6.6 5.4-12 12-12h40c6.6 0 12 5.4 12 12v40c0 6.6-5.4 12-12 12h-40c-6.6 0-12-5.4-12-12v-40zm0 128c0-6.6 5.4-12 12-12h40c6.6 0 12 5.4 12 12v40c0 6.6-5.4 12-12 12h-40c-6.6 0-12-5.4-12-12v-40zM192 268c0-6.6 5.4-12 12-12h40c6.6 0 12 5.4 12 12v40c0 6.6-5.4 12-12 12h-40c-6.6 0-12-5.4-12-12v-40zm0 128c0-6.6 5.4-12 12-12h40c6.6 0 12 5.4 12 12v40c0 6.6-5.4 12-12 12h-40c-6.6 0-12-5.4-12-12v-40zM64 268c0-6.6 5.4-12 12-12h40c6.6 0 12 5.4 12 12v40c0 6.6-5.4 12-12 12H76c-6.6 0-12-5.4-12-12v-40zm0 128c0-6.6 5.4-12 12-12h40c6.6 0 12 5.4 12 12v40c0 6.6-5.4 12-12 12H76c-6.6 0-12-5.4-12-12v-40zM400 64h-48V16c0-8.8-7.2-16-16-16h-32c-8.8 0-16 7.2-16 16v48H160V16c0-8.8-7.2-16-16-16h-32c-8.8 0-16 7.2-16 16v48H48C21.5 64 0 85.5 0 112v48h448v-48c0-26.5-21.5-48-48-48z\"><\/path><\/svg><\/span><\/div><div class=\"uagb-timeline__day-new uagb-timeline__day-left\"><div class=\"uagb-events-new\"><div class=\"uagb-timeline__events-inner-new\"><div class=\"uagb-timeline__date-hide uagb-timeline__date-inner\"><\/div><div class=\"uagb-timeline-content\"><div class=\"uagb-timeline__heading-text\"><h4 class=\"uagb-timeline__heading\">Planung<\/h4><\/div><p class=\"uagb-timeline-desc-content\">Ich erarbeite einen Zeit- und Arbeitsplan. Sobald Sie zufrieden sind, legen wir los. <\/p><div class=\"uagb-timeline__arrow\"><\/div><\/div><\/div><\/div><\/div><div class=\"uagb-timeline__date-new\"><\/div><\/div><\/article>\n\n\n\n<article class=\"wp-block-uagb-content-timeline-child uagb-timeline__field uagb-timeline__field-wrap uagb-timeline-child-3e1c11d1-417a-4d8d-82e3-5b2df353609d\"><div class=\"uagb-timeline__widget uagb-timeline__right\"><div class=\"uagb-timeline__marker out-view-uagb-timeline__icon\"><span class=\"uagb-timeline__icon-new out-view-uagb-timeline__icon \"><svg xmlns=\"http:\/\/www.w3.org\/2000\/svg\" viewBox=\"0 0 448 512\"><path d=\"M0 464c0 26.5 21.5 48 48 48h352c26.5 0 48-21.5 48-48V192H0v272zm320-196c0-6.6 5.4-12 12-12h40c6.6 0 12 5.4 12 12v40c0 6.6-5.4 12-12 12h-40c-6.6 0-12-5.4-12-12v-40zm0 128c0-6.6 5.4-12 12-12h40c6.6 0 12 5.4 12 12v40c0 6.6-5.4 12-12 12h-40c-6.6 0-12-5.4-12-12v-40zM192 268c0-6.6 5.4-12 12-12h40c6.6 0 12 5.4 12 12v40c0 6.6-5.4 12-12 12h-40c-6.6 0-12-5.4-12-12v-40zm0 128c0-6.6 5.4-12 12-12h40c6.6 0 12 5.4 12 12v40c0 6.6-5.4 12-12 12h-40c-6.6 0-12-5.4-12-12v-40zM64 268c0-6.6 5.4-12 12-12h40c6.6 0 12 5.4 12 12v40c0 6.6-5.4 12-12 12H76c-6.6 0-12-5.4-12-12v-40zm0 128c0-6.6 5.4-12 12-12h40c6.6 0 12 5.4 12 12v40c0 6.6-5.4 12-12 12H76c-6.6 0-12-5.4-12-12v-40zM400 64h-48V16c0-8.8-7.2-16-16-16h-32c-8.8 0-16 7.2-16 16v48H160V16c0-8.8-7.2-16-16-16h-32c-8.8 0-16 7.2-16 16v48H48C21.5 64 0 85.5 0 112v48h448v-48c0-26.5-21.5-48-48-48z\"><\/path><\/svg><\/span><\/div><div class=\"uagb-timeline__day-new uagb-timeline__day-right\"><div class=\"uagb-events-new\"><div class=\"uagb-timeline__events-inner-new\"><div class=\"uagb-timeline__date-hide uagb-timeline__date-inner\"><\/div><div class=\"uagb-timeline-content\"><div class=\"uagb-timeline__heading-text\"><h4 class=\"uagb-timeline__heading\">Umsetzung<\/h4><\/div><p class=\"uagb-timeline-desc-content\">Ist alles gekl\u00e4rt, schreite ich umgehend zur Umsetzung.<\/p><div class=\"uagb-timeline__arrow\"><\/div><\/div><\/div><\/div><\/div><div class=\"uagb-timeline__date-new\"><\/div><\/div><\/article>\n\n\n\n<article class=\"wp-block-uagb-content-timeline-child uagb-timeline__field uagb-timeline__field-wrap uagb-timeline-child-eacd1e16-1668-49fc-a7a5-2f2dc054bb1e\"><div class=\"uagb-timeline__widget uagb-timeline__left\"><div class=\"uagb-timeline__marker out-view-uagb-timeline__icon\"><span class=\"uagb-timeline__icon-new out-view-uagb-timeline__icon \"><svg xmlns=\"http:\/\/www.w3.org\/2000\/svg\" viewBox=\"0 0 448 512\"><path d=\"M0 464c0 26.5 21.5 48 48 48h352c26.5 0 48-21.5 48-48V192H0v272zm320-196c0-6.6 5.4-12 12-12h40c6.6 0 12 5.4 12 12v40c0 6.6-5.4 12-12 12h-40c-6.6 0-12-5.4-12-12v-40zm0 128c0-6.6 5.4-12 12-12h40c6.6 0 12 5.4 12 12v40c0 6.6-5.4 12-12 12h-40c-6.6 0-12-5.4-12-12v-40zM192 268c0-6.6 5.4-12 12-12h40c6.6 0 12 5.4 12 12v40c0 6.6-5.4 12-12 12h-40c-6.6 0-12-5.4-12-12v-40zm0 128c0-6.6 5.4-12 12-12h40c6.6 0 12 5.4 12 12v40c0 6.6-5.4 12-12 12h-40c-6.6 0-12-5.4-12-12v-40zM64 268c0-6.6 5.4-12 12-12h40c6.6 0 12 5.4 12 12v40c0 6.6-5.4 12-12 12H76c-6.6 0-12-5.4-12-12v-40zm0 128c0-6.6 5.4-12 12-12h40c6.6 0 12 5.4 12 12v40c0 6.6-5.4 12-12 12H76c-6.6 0-12-5.4-12-12v-40zM400 64h-48V16c0-8.8-7.2-16-16-16h-32c-8.8 0-16 7.2-16 16v48H160V16c0-8.8-7.2-16-16-16h-32c-8.8 0-16 7.2-16 16v48H48C21.5 64 0 85.5 0 112v48h448v-48c0-26.5-21.5-48-48-48z\"><\/path><\/svg><\/span><\/div><div class=\"uagb-timeline__day-new uagb-timeline__day-left\"><div class=\"uagb-events-new\"><div class=\"uagb-timeline__events-inner-new\"><div class=\"uagb-timeline__date-hide uagb-timeline__date-inner\"><\/div><div class=\"uagb-timeline-content\"><div class=\"uagb-timeline__heading-text\"><h4 class=\"uagb-timeline__heading\">Erfolg<\/h4><\/div><p class=\"uagb-timeline-desc-content\">Ihre neue Website ist fertig, Ihre Plattform gestartet, ihre neue Strategie steht. Egal was sie wollen, ich tue alles daf\u00fcr, dass Sie am Ende zufrieden sind.<\/p><div class=\"uagb-timeline__arrow\"><\/div><\/div><\/div><\/div><\/div><div class=\"uagb-timeline__date-new\"><\/div><\/div><\/article>\n<\/div><div class=\"uagb-timeline__line\"><div class=\"uagb-timeline__line__inner\"><\/div><\/div><\/div><\/div><\/div><\/div>\n\n\n\n<div style=\"height:50px\" aria-hidden=\"true\" class=\"wp-block-spacer\"><\/div>\n\n\n\n<h2 class=\"wp-block-heading has-text-align-center\"><a href=\"mailto:leonard@hess.plus\" target=\"_blank\" rel=\"noreferrer noopener\">Jetzt hier klicken, um Kontakt aufnehmen!<\/a><\/h2>\n\n\n\n<div style=\"height:50px\" aria-hidden=\"true\" class=\"wp-block-spacer\"><\/div>\n\n\n\n<div style=\"height:100px\" aria-hidden=\"true\" class=\"wp-block-spacer\"><\/div>\n","protected":false},"excerpt":{"rendered":"<p>Dann sind sie hier genau richtig. Seit 2016 helfe ich Selbstst\u00e4ndigen und kleinen Unternehmen zu neuen Websiten, besseren Social-Media-Auftritten und berate bei der Anschaffung und Implementierung gr\u00f6\u00dferer Systeme. Von der Beratung bei der Hostingsvertragswahl \u00fcber die Ersteinrichtung einer einfach zu bedienenden WordPress-Seite bis hin zu gro\u00dfen Spezialauftr\u00e4gen, die ma\u00dfgeschneiderte L\u00f6sungen fordern stehe ich mit Rat [&hellip;]<\/p>\n","protected":false},"author":1,"featured_media":57,"parent":0,"menu_order":0,"comment_status":"closed","ping_status":"closed","template":"","meta":{"footnotes":""},"uagb_featured_image_src":{"full":["https:\/\/hess.plus\/wp-content\/uploads\/2016\/02\/Placeholder.png",1000,500,false],"thumbnail":["https:\/\/hess.plus\/wp-content\/uploads\/2016\/02\/Placeholder-150x150.png",150,150,true],"medium":["https:\/\/hess.plus\/wp-content\/uploads\/2016\/02\/Placeholder-300x150.png",300,150,true],"medium_large":["https:\/\/hess.plus\/wp-content\/uploads\/2016\/02\/Placeholder-768x384.png",768,384,true],"large":["https:\/\/hess.plus\/wp-content\/uploads\/2016\/02\/Placeholder.png",1000,500,false],"1536x1536":["https:\/\/hess.plus\/wp-content\/uploads\/2016\/02\/Placeholder.png",1000,500,false],"2048x2048":["https:\/\/hess.plus\/wp-content\/uploads\/2016\/02\/Placeholder.png",1000,500,false]},"uagb_author_info":{"display_name":"admin","author_link":"https:\/\/hess.plus\/?author=1"},"uagb_comment_info":0,"uagb_excerpt":"Dann sind sie hier genau richtig. Seit 2016 helfe ich Selbstst\u00e4ndigen und kleinen Unternehmen zu neuen Websiten, besseren Social-Media-Auftritten und berate bei der Anschaffung und Implementierung gr\u00f6\u00dferer Systeme. Von der Beratung bei der Hostingsvertragswahl \u00fcber die Ersteinrichtung einer einfach zu bedienenden WordPress-Seite bis hin zu gro\u00dfen Spezialauftr\u00e4gen, die ma\u00dfgeschneiderte L\u00f6sungen fordern stehe ich mit Rat&hellip;","_links":{"self":[{"href":"https:\/\/hess.plus\/index.php?rest_route=\/wp\/v2\/pages\/82"}],"collection":[{"href":"https:\/\/hess.plus\/index.php?rest_route=\/wp\/v2\/pages"}],"about":[{"href":"https:\/\/hess.plus\/index.php?rest_route=\/wp\/v2\/types\/page"}],"author":[{"embeddable":true,"href":"https:\/\/hess.plus\/index.php?rest_route=\/wp\/v2\/users\/1"}],"replies":[{"embeddable":true,"href":"https:\/\/hess.plus\/index.php?rest_route=%2Fwp%2Fv2%2Fcomments&post=82"}],"version-history":[{"count":10,"href":"https:\/\/hess.plus\/index.php?rest_route=\/wp\/v2\/pages\/82\/revisions"}],"predecessor-version":[{"id":145,"href":"https:\/\/hess.plus\/index.php?rest_route=\/wp\/v2\/pages\/82\/revisions\/145"}],"wp:featuredmedia":[{"embeddable":true,"href":"https:\/\/hess.plus\/index.php?rest_route=\/wp\/v2\/media\/57"}],"wp:attachment":[{"href":"https:\/\/hess.plus\/index.php?rest_route=%2Fwp%2Fv2%2Fmedia&parent=82"}],"curies":[{"name":"wp","href":"https:\/\/api.w.org\/{rel}","templated":true}]}}